{"id":3223,"date":"2022-04-15T15:12:59","date_gmt":"2022-04-15T15:12:59","guid":{"rendered":"https:\/\/www.mecachrome.com\/groupe\/"},"modified":"2025-03-04T17:49:34","modified_gmt":"2025-03-04T17:49:34","slug":"group-en","status":"publish","type":"page","link":"https:\/\/www.mecachrome.com\/en\/group-en\/","title":{"rendered":"Group"},"content":{"rendered":"","protected":false},"excerpt":{"rendered":"","protected":false},"author":1,"featured_media":0,"parent":0,"menu_order":0,"comment_status":"closed","ping_status":"closed","template":"page-templates\/page-group.php","meta":{"_acf_changed":false,"footnotes":""},"class_list":["post-3223","page","type-page","status-publish","hentry"],"acf":[],"yoast_head":"<!-- This site is optimized with the Yoast SEO plugin v27.3 - https:\/\/yoast.com\/product\/yoast-seo-wordpress\/ -->\n<title>Group - Mecachrome<\/title>\n<meta name=\"description\" content=\"Group - Governance, shareholder, automotive DNA, R&amp;T: discover the group&#039;s history and strengths Mecachrome\" \/>\n<meta name=\"robots\" content=\"index, follow, max-snippet:-1, max-image-preview:large, max-video-preview:-1\" \/>\n<link rel=\"canonical\" href=\"https:\/\/www.mecachrome.com\/en\/group-en\/\" \/>\n<meta property=\"og:locale\" content=\"en_US\" \/>\n<meta property=\"og:type\" content=\"article\" \/>\n<meta property=\"og:title\" content=\"Group - Mecachrome\" \/>\n<meta property=\"og:description\" content=\"Group - Governance, shareholder, automotive DNA, R&amp;T: discover the group&#039;s history and strengths Mecachrome\" \/>\n<meta property=\"og:url\" content=\"https:\/\/www.mecachrome.com\/en\/group-en\/\" \/>\n<meta property=\"og:site_name\" content=\"Mecachrome\" \/>\n<meta property=\"article:modified_time\" content=\"2025-03-04T17:49:34+00:00\" \/>\n<meta name=\"twitter:card\" content=\"summary_large_image\" \/>\n<meta name=\"twitter:site\" content=\"@GroupMecachrome\" \/>\n<meta name=\"twitter:label1\" content=\"Est. reading time\" \/>\n\t<meta name=\"twitter:data1\" content=\"11 minutes\" \/>\n<script type=\"application\/ld+json\" class=\"yoast-schema-graph\">{\"@context\":\"https:\\\/\\\/schema.org\",\"@graph\":[{\"@type\":\"WebPage\",\"@id\":\"https:\\\/\\\/www.mecachrome.com\\\/en\\\/group-en\\\/\",\"url\":\"https:\\\/\\\/www.mecachrome.com\\\/en\\\/group-en\\\/\",\"name\":\"Group - Mecachrome\",\"isPartOf\":{\"@id\":\"https:\\\/\\\/www.mecachrome.com\\\/en\\\/#website\"},\"datePublished\":\"2022-04-15T15:12:59+00:00\",\"dateModified\":\"2025-03-04T17:49:34+00:00\",\"description\":\"Group - Governance, shareholder, automotive DNA, R&T: discover the group's history and strengths Mecachrome\",\"breadcrumb\":{\"@id\":\"https:\\\/\\\/www.mecachrome.com\\\/en\\\/group-en\\\/#breadcrumb\"},\"inLanguage\":\"en-US\",\"potentialAction\":[{\"@type\":\"ReadAction\",\"target\":[\"https:\\\/\\\/www.mecachrome.com\\\/en\\\/group-en\\\/\"]}]},{\"@type\":\"BreadcrumbList\",\"@id\":\"https:\\\/\\\/www.mecachrome.com\\\/en\\\/group-en\\\/#breadcrumb\",\"itemListElement\":[{\"@type\":\"ListItem\",\"position\":1,\"name\":\"Home\",\"item\":\"https:\\\/\\\/www.mecachrome.com\\\/en\\\/homepage-mecachrome-aerostructure-aeroengine-automotive-dnes\\\/\"},{\"@type\":\"ListItem\",\"position\":2,\"name\":\"Group\"}]},{\"@type\":\"WebSite\",\"@id\":\"https:\\\/\\\/www.mecachrome.com\\\/en\\\/#website\",\"url\":\"https:\\\/\\\/www.mecachrome.com\\\/en\\\/\",\"name\":\"Mecachrome\",\"description\":\"Mecachrome est pr\u00e9sent dans les domaines de l&#039;a\u00e9ronautique (a\u00e9rostructure, a\u00e9romoteur), de l&#039;automobile premium &amp; Motorsport, de la DNES.\",\"publisher\":{\"@id\":\"https:\\\/\\\/www.mecachrome.com\\\/en\\\/#organization\"},\"potentialAction\":[{\"@type\":\"SearchAction\",\"target\":{\"@type\":\"EntryPoint\",\"urlTemplate\":\"https:\\\/\\\/www.mecachrome.com\\\/en\\\/?s={search_term_string}\"},\"query-input\":{\"@type\":\"PropertyValueSpecification\",\"valueRequired\":true,\"valueName\":\"search_term_string\"}}],\"inLanguage\":\"en-US\"},{\"@type\":\"Organization\",\"@id\":\"https:\\\/\\\/www.mecachrome.com\\\/en\\\/#organization\",\"name\":\"MECACHROME\",\"url\":\"https:\\\/\\\/www.mecachrome.com\\\/en\\\/\",\"logo\":{\"@type\":\"ImageObject\",\"inLanguage\":\"en-US\",\"@id\":\"https:\\\/\\\/www.mecachrome.com\\\/en\\\/#\\\/schema\\\/logo\\\/image\\\/\",\"url\":\"https:\\\/\\\/www.mecachrome.com\\\/wp-content\\\/uploads\\\/2022\\\/05\\\/Logo-Mecachrome-BD.png\",\"contentUrl\":\"https:\\\/\\\/www.mecachrome.com\\\/wp-content\\\/uploads\\\/2022\\\/05\\\/Logo-Mecachrome-BD.png\",\"width\":391,\"height\":135,\"caption\":\"MECACHROME\"},\"image\":{\"@id\":\"https:\\\/\\\/www.mecachrome.com\\\/en\\\/#\\\/schema\\\/logo\\\/image\\\/\"},\"sameAs\":[\"https:\\\/\\\/x.com\\\/GroupMecachrome\",\"https:\\\/\\\/www.linkedin.com\\\/company\\\/mecachrome\\\/\",\"https:\\\/\\\/www.youtube.com\\\/channel\\\/UChvZ3lBIqgM_B0qEkTBYDWQ\"]}]}<\/script>\n<!-- \/ Yoast SEO plugin. -->","yoast_head_json":{"title":"Group - Mecachrome","description":"Group - Governance, shareholder, automotive DNA, R&T: discover the group's history and strengths Mecachrome","robots":{"index":"index","follow":"follow","max-snippet":"max-snippet:-1","max-image-preview":"max-image-preview:large","max-video-preview":"max-video-preview:-1"},"canonical":"https:\/\/www.mecachrome.com\/en\/group-en\/","og_locale":"en_US","og_type":"article","og_title":"Group - Mecachrome","og_description":"Group - Governance, shareholder, automotive DNA, R&T: discover the group's history and strengths Mecachrome","og_url":"https:\/\/www.mecachrome.com\/en\/group-en\/","og_site_name":"Mecachrome","article_modified_time":"2025-03-04T17:49:34+00:00","twitter_card":"summary_large_image","twitter_site":"@GroupMecachrome","twitter_misc":{"Est. reading time":"11 minutes"},"schema":{"@context":"https:\/\/schema.org","@graph":[{"@type":"WebPage","@id":"https:\/\/www.mecachrome.com\/en\/group-en\/","url":"https:\/\/www.mecachrome.com\/en\/group-en\/","name":"Group - Mecachrome","isPartOf":{"@id":"https:\/\/www.mecachrome.com\/en\/#website"},"datePublished":"2022-04-15T15:12:59+00:00","dateModified":"2025-03-04T17:49:34+00:00","description":"Group - Governance, shareholder, automotive DNA, R&T: discover the group's history and strengths Mecachrome","breadcrumb":{"@id":"https:\/\/www.mecachrome.com\/en\/group-en\/#breadcrumb"},"inLanguage":"en-US","potentialAction":[{"@type":"ReadAction","target":["https:\/\/www.mecachrome.com\/en\/group-en\/"]}]},{"@type":"BreadcrumbList","@id":"https:\/\/www.mecachrome.com\/en\/group-en\/#breadcrumb","itemListElement":[{"@type":"ListItem","position":1,"name":"Home","item":"https:\/\/www.mecachrome.com\/en\/homepage-mecachrome-aerostructure-aeroengine-automotive-dnes\/"},{"@type":"ListItem","position":2,"name":"Group"}]},{"@type":"WebSite","@id":"https:\/\/www.mecachrome.com\/en\/#website","url":"https:\/\/www.mecachrome.com\/en\/","name":"Mecachrome","description":"Mecachrome est pr\u00e9sent dans les domaines de l&#039;a\u00e9ronautique (a\u00e9rostructure, a\u00e9romoteur), de l&#039;automobile premium &amp; Motorsport, de la DNES.","publisher":{"@id":"https:\/\/www.mecachrome.com\/en\/#organization"},"potentialAction":[{"@type":"SearchAction","target":{"@type":"EntryPoint","urlTemplate":"https:\/\/www.mecachrome.com\/en\/?s={search_term_string}"},"query-input":{"@type":"PropertyValueSpecification","valueRequired":true,"valueName":"search_term_string"}}],"inLanguage":"en-US"},{"@type":"Organization","@id":"https:\/\/www.mecachrome.com\/en\/#organization","name":"MECACHROME","url":"https:\/\/www.mecachrome.com\/en\/","logo":{"@type":"ImageObject","inLanguage":"en-US","@id":"https:\/\/www.mecachrome.com\/en\/#\/schema\/logo\/image\/","url":"https:\/\/www.mecachrome.com\/wp-content\/uploads\/2022\/05\/Logo-Mecachrome-BD.png","contentUrl":"https:\/\/www.mecachrome.com\/wp-content\/uploads\/2022\/05\/Logo-Mecachrome-BD.png","width":391,"height":135,"caption":"MECACHROME"},"image":{"@id":"https:\/\/www.mecachrome.com\/en\/#\/schema\/logo\/image\/"},"sameAs":["https:\/\/x.com\/GroupMecachrome","https:\/\/www.linkedin.com\/company\/mecachrome\/","https:\/\/www.youtube.com\/channel\/UChvZ3lBIqgM_B0qEkTBYDWQ"]}]}},"_links":{"self":[{"href":"https:\/\/www.mecachrome.com\/en\/wp-json\/wp\/v2\/pages\/3223","targetHints":{"allow":["GET"]}}],"collection":[{"href":"https:\/\/www.mecachrome.com\/en\/wp-json\/wp\/v2\/pages"}],"about":[{"href":"https:\/\/www.mecachrome.com\/en\/wp-json\/wp\/v2\/types\/page"}],"author":[{"embeddable":true,"href":"https:\/\/www.mecachrome.com\/en\/wp-json\/wp\/v2\/users\/1"}],"replies":[{"embeddable":true,"href":"https:\/\/www.mecachrome.com\/en\/wp-json\/wp\/v2\/comments?post=3223"}],"version-history":[{"count":17,"href":"https:\/\/www.mecachrome.com\/en\/wp-json\/wp\/v2\/pages\/3223\/revisions"}],"predecessor-version":[{"id":8096,"href":"https:\/\/www.mecachrome.com\/en\/wp-json\/wp\/v2\/pages\/3223\/revisions\/8096"}],"wp:attachment":[{"href":"https:\/\/www.mecachrome.com\/en\/wp-json\/wp\/v2\/media?parent=3223"}],"curies":[{"name":"wp","href":"https:\/\/api.w.org\/{rel}","templated":true}]}}