{"id":3226,"date":"2022-04-27T14:41:06","date_gmt":"2022-04-27T14:41:06","guid":{"rendered":"https:\/\/www.mecachrome.com\/mentions-legales\/"},"modified":"2022-10-25T07:29:33","modified_gmt":"2022-10-25T07:29:33","slug":"legal-notice","status":"publish","type":"page","link":"https:\/\/www.mecachrome.com\/en\/legal-notice\/","title":{"rendered":"Legal notice"},"content":{"rendered":"\n<h3 class=\"wp-block-heading\">SITE TERMS OF USE<\/h3>\n\n<p>This Internet website (hereinafter the &#8220;Site&#8221;), which can be accessed at <a href=\"https:\/\/www.mecachrome.com\/\">https:\/\/www.mecachrome.com\/<\/a>, is the property of the MECACHROME Group (defined as MECA DEV and all its subsidiaries). Please read the Site terms of use carefully before you use it. When browsing the Site, as a user, you agree to these Terms of Use. If you do not agree to the Terms of Use, please do not use the Site.<\/p>\n\n<div style=\"height:35px\" aria-hidden=\"true\" class=\"wp-block-spacer\"><\/div>\n\n<h3 class=\"wp-block-heading\">1- Publisher information<\/h3>\n\n<p>Publisher: <strong>MECACHROME FRANCE<\/strong>, SAS with capital of \u20ac74,978,130, RCS TOULOUSE 429853351&#13;\nHead office: 7 avenue Albert Durand 31700 BLAGNAC&#13;\nPublication manager: <strong>Anne-Annabelle Begey<\/strong>&#13;\nContact : <strong>06 46 50 52 24<\/strong><\/p>\n\n<p><a href=\"mailto:anne-annabelle.begey@mecachromegroup.com\">anne-annabelle.begey@mecachrome.com<\/a><\/p>\n\n<div style=\"height:35px\" aria-hidden=\"true\" class=\"wp-block-spacer\"><\/div>\n\n<h3 class=\"wp-block-heading\">2- Acknowledgments<\/h3>\n\n<p>Site design and creation:&#13;\n<strong>Kardinal T<\/strong>, SAS with capital of \u20ac10,000.00, RCS TOULOUSE 823605183,&#13;\nhead office: 161 avenue Jean Rieux 31500 TOULOUSE<\/p>\n\n<p><\/p>\n\n<p>Hosting:&#13;\n<strong>OVH<\/strong>, SAS with capital of \u20ac10,069,020.00, RCS LILLE M\u00c9TROPOLE 424761419,&#13;\nhead office: 2 rue Kellerman 59100 ROUBAIX<\/p>\n\n<p>Photos : <strong>MECACHROME<\/strong> \u2013 <strong>ADOBE STOCK<\/strong> \u2013 <strong>UNSPLASH<\/strong> \u2013 <strong>PEXELS<\/strong><\/p>\n\n<div style=\"height:35px\" aria-hidden=\"true\" class=\"wp-block-spacer\"><\/div>\n\n<h3 class=\"wp-block-heading\">3- Contents<\/h3>\n\n<p>The purpose of this Site is to present the activities of the MECACHROME Group.<\/p>\n\n<p>The Publisher is the owner of the contents of the Site that it has placed online and reserves the right to amend them at any time without notice.<\/p>\n\n<div style=\"height:35px\" aria-hidden=\"true\" class=\"wp-block-spacer\"><\/div>\n\n<h3 class=\"wp-block-heading\">4- Limitation of liability<\/h3>\n\n<p>It is up to the user to ensure that they have the competencies and the technical means necessary to access and use the Site. The Publisher cannot guarantee users that access to the Site will be uninterrupted or virus-free.<\/p>\n\n<p>The information presented on the Site is given exclusively for information purposes. The Publisher gives no guarantee, either explicit or implicit, of the quality or the accuracy of the information or the documents on the Site, or that they are up to date, in order or exhaustive in nature.<\/p>\n\n<p>MECACHROME France and\/or any other entity in the  MECACHROME Group cannot be held liable to users or third parties for any direct or indirect damage, of whatsoever nature, resulting from the use of the Site, including, but not limited to, infection by viruses, the loss of IT equipment, the loss of data or programs, financial or material loss.<\/p>\n\n<p>The Publisher gives no guarantee, either explicit or implicit, of the quality or the accuracy of the information or the documents on the Site, or that they are up to date, in order or exhaustive in nature, and assumes no liability regarding the use of this publication. The elements are presented for information purposes and are not binding on the Publisher.<\/p>\n\n<div style=\"height:35px\" aria-hidden=\"true\" class=\"wp-block-spacer\"><\/div>\n\n<h3 class=\"wp-block-heading\">5- Intellectual property<\/h3>\n\n<p>The contents of this site are protected by literary and artistic property, the Berne Convention and the <a href=\"https:\/\/www.legifrance.gouv.fr\/codes\/section_lc\/LEGITEXT000006069414\/LEGISCTA000006133323\/\" target=\"_blank\" rel=\"noreferrer noopener\">intellectual property code, Book I<\/a>. Unless specifically provided for otherwise in this publication with regard to a file, document or specific extract, the Publisher hereby grants the right to view, store and reproduce copies of this publication for the Site user&#8217;s personal use.&#13;\nAny reproduction, other than for the site user&#8217;s private use, in particular for public dissemination by any means whatsoever, is strictly forbidden without the site Publisher&#8217;s prior written authorization.<\/p>\n\n<p>Consequently, the site user is prohibited from:<\/p>\n\n<ul class=\"wp-block-list\"><li>Reproducing, in whole or in part, for sale, distribution, issue, transmission, publication and communication in any form whatsoever, the information or works protected by copyright attached to the work or to the information reproduced without specific, prior written authorization of the holder of the copyright attached to the work or information reproduced;<\/li><li>Reusing any information for commercial or advertising purposes;<\/li><li>Entering data on this site that would modify or might be likely to modify the contents or the appearance of the data or works featured on this site.<\/li><\/ul>\n\n<p>In all cases of reproduction, references to the copyright must be visible on each copy of the publication, whether it is used in whole or in part. Any unauthorized use of the Site or of its contents, or the information divulged on it, will render the user liable and will constitute forgery punishable by articles <a href=\"https:\/\/www.legifrance.gouv.fr\/codes\/id\/LEGIARTI000032655082\/2016-06-05\/\" target=\"_blank\" rel=\"noreferrer noopener\">L 335-2 et seq. of the French Code of Intellectual Property<\/a>.<\/p>\n\n<p>The Publisher&#8217;s marks and the logos that appear on the Site are protected. Any reproduction or representation in whole or in part of these marks or logos, on their own or integrated into other elements, without the explicit prior authorization of the Publisher, is prohibited and will incur the user&#8217;s liability as defined in articles <a href=\"https:\/\/www.legifrance.gouv.fr\/codes\/id\/LEGIARTI000039381590\/2019-12-15\/\" target=\"_blank\" rel=\"noreferrer noopener\">L713-2 and L 713-3 of the French Code of Intellectual Property<\/a>.<\/p>\n\n<div style=\"height:35px\" aria-hidden=\"true\" class=\"wp-block-spacer\"><\/div>\n\n<h3 class=\"wp-block-heading\">6- Design and creation of the Site<\/h3>\n\n<p>The Publisher is the exclusive owner of all the elements that have made possible the design and creation of the site by <a href=\"https:\/\/kardinalt.com\" target=\"_blank\" rel=\"noreferrer noopener\">Kardinal T<\/a>.<\/p>\n\n<div style=\"height:35px\" aria-hidden=\"true\" class=\"wp-block-spacer\"><\/div>\n\n<h3 class=\"wp-block-heading\">7- Creation of hypertext links to the site<\/h3>\n\n<p>The Site authorizes the use of hypertext links to its contents, subject to prior and express agreement of the Publisher:<\/p>\n\n<ul class=\"wp-block-list\"><li>Not to use the deep linking technique, in other words, the pages on the site must not be embedded inside pages on another site, but accessible by opening a window,<\/li><li>To mention the source that will direct by means of a hypertext link directly to the viewed content,<\/li><li>That the information used must only be used for personal, associative or professional purposes,<\/li><li>That any use for commercial or advertising purposes is excluded.<\/li><\/ul>\n\n<p>Attention: this authorization does not apply to internet websites disseminating information of a controversial, pornographic or xenophobic nature, or which may, in a broader context, cause offence to the majority. The Publisher accepts no liability with regard to the data protection practises and policies of sites with which we might be linked by hypertext links, and we advise you to take note of this.<\/p>\n\n<div style=\"height:35px\" aria-hidden=\"true\" class=\"wp-block-spacer\"><\/div>\n\n<h3 class=\"wp-block-heading\">8- Cookies<\/h3>\n\n<p>The site uses cookies. We use these files stored on your computer to facilitate your access to the service we offer you. The cookies on the Site do not contain data that identify you personally. They are designed to be used exclusively by MECACHROME France. We inform you that you can object to information being recorded by the cookies by adjusting your computer settings; connect to the website <a href=\"https:\/\/www.cnil.fr\" target=\"_blank\" rel=\"noreferrer noopener\">http.\/\/www.cnil.fr<\/a>\u00a0for more information.<\/p>\n\n<div style=\"height:35px\" aria-hidden=\"true\" class=\"wp-block-spacer\"><\/div>\n\n<h3 class=\"wp-block-heading\">9- Applicable law &#8211; Place of jurisdiction<\/h3>\n\n<p>Any dispute associated with the use of the Site or the execution, interpretation or validity of these terms of use shall be subject to French law and to the jurisdictions within the jurisdiction of the Court of Appeal in Toulouse exclusively.<\/p>\n","protected":false},"excerpt":{"rendered":"<p>SITE TERMS OF USE This Internet website (hereinafter the &#8220;Site&#8221;), which can be accessed at https:\/\/www.mecachrome.com\/, is the property of the MECACHROME Group (defined as MECA DEV and all its subsidiaries). Please read the Site terms of use carefully before you use it. When browsing the Site, as a user, you agree to these Terms [&hellip;]<\/p>\n","protected":false},"author":2,"featured_media":0,"parent":0,"menu_order":0,"comment_status":"closed","ping_status":"closed","template":"","meta":{"_acf_changed":false,"footnotes":""},"class_list":["post-3226","page","type-page","status-publish","hentry"],"acf":[],"yoast_head":"<!-- This site is optimized with the Yoast SEO plugin v27.3 - https:\/\/yoast.com\/product\/yoast-seo-wordpress\/ -->\n<title>Legal notice - Mecachrome<\/title>\n<meta name=\"description\" content=\"Legal notice - Find the conditions of use of the website Mecachrome as well as other information.\" \/>\n<meta name=\"robots\" content=\"index, follow, max-snippet:-1, max-image-preview:large, max-video-preview:-1\" \/>\n<link rel=\"canonical\" href=\"https:\/\/www.mecachrome.com\/en\/legal-notice\/\" \/>\n<meta property=\"og:locale\" content=\"en_US\" \/>\n<meta property=\"og:type\" content=\"article\" \/>\n<meta property=\"og:title\" content=\"Legal notice - Mecachrome\" \/>\n<meta property=\"og:description\" content=\"Legal notice - Find the conditions of use of the website Mecachrome as well as other information.\" \/>\n<meta property=\"og:url\" content=\"https:\/\/www.mecachrome.com\/en\/legal-notice\/\" \/>\n<meta property=\"og:site_name\" content=\"Mecachrome\" \/>\n<meta property=\"article:modified_time\" content=\"2022-10-25T07:29:33+00:00\" \/>\n<meta name=\"twitter:card\" content=\"summary_large_image\" \/>\n<meta name=\"twitter:site\" content=\"@GroupMecachrome\" \/>\n<meta name=\"twitter:label1\" content=\"Est. reading time\" \/>\n\t<meta name=\"twitter:data1\" content=\"6 minutes\" \/>\n<script type=\"application\/ld+json\" class=\"yoast-schema-graph\">{\"@context\":\"https:\\\/\\\/schema.org\",\"@graph\":[{\"@type\":\"WebPage\",\"@id\":\"https:\\\/\\\/www.mecachrome.com\\\/en\\\/legal-notice\\\/\",\"url\":\"https:\\\/\\\/www.mecachrome.com\\\/en\\\/legal-notice\\\/\",\"name\":\"Legal notice - Mecachrome\",\"isPartOf\":{\"@id\":\"https:\\\/\\\/www.mecachrome.com\\\/en\\\/#website\"},\"datePublished\":\"2022-04-27T14:41:06+00:00\",\"dateModified\":\"2022-10-25T07:29:33+00:00\",\"description\":\"Legal notice - Find the conditions of use of the website Mecachrome as well as other information.\",\"breadcrumb\":{\"@id\":\"https:\\\/\\\/www.mecachrome.com\\\/en\\\/legal-notice\\\/#breadcrumb\"},\"inLanguage\":\"en-US\",\"potentialAction\":[{\"@type\":\"ReadAction\",\"target\":[\"https:\\\/\\\/www.mecachrome.com\\\/en\\\/legal-notice\\\/\"]}]},{\"@type\":\"BreadcrumbList\",\"@id\":\"https:\\\/\\\/www.mecachrome.com\\\/en\\\/legal-notice\\\/#breadcrumb\",\"itemListElement\":[{\"@type\":\"ListItem\",\"position\":1,\"name\":\"Home\",\"item\":\"https:\\\/\\\/www.mecachrome.com\\\/en\\\/homepage-mecachrome-aerostructure-aeroengine-automotive-dnes\\\/\"},{\"@type\":\"ListItem\",\"position\":2,\"name\":\"Legal notice\"}]},{\"@type\":\"WebSite\",\"@id\":\"https:\\\/\\\/www.mecachrome.com\\\/en\\\/#website\",\"url\":\"https:\\\/\\\/www.mecachrome.com\\\/en\\\/\",\"name\":\"Mecachrome\",\"description\":\"Mecachrome est pr\u00e9sent dans les domaines de l&#039;a\u00e9ronautique (a\u00e9rostructure, a\u00e9romoteur), de l&#039;automobile premium &amp; Motorsport, de la DNES.\",\"publisher\":{\"@id\":\"https:\\\/\\\/www.mecachrome.com\\\/en\\\/#organization\"},\"potentialAction\":[{\"@type\":\"SearchAction\",\"target\":{\"@type\":\"EntryPoint\",\"urlTemplate\":\"https:\\\/\\\/www.mecachrome.com\\\/en\\\/?s={search_term_string}\"},\"query-input\":{\"@type\":\"PropertyValueSpecification\",\"valueRequired\":true,\"valueName\":\"search_term_string\"}}],\"inLanguage\":\"en-US\"},{\"@type\":\"Organization\",\"@id\":\"https:\\\/\\\/www.mecachrome.com\\\/en\\\/#organization\",\"name\":\"MECACHROME\",\"url\":\"https:\\\/\\\/www.mecachrome.com\\\/en\\\/\",\"logo\":{\"@type\":\"ImageObject\",\"inLanguage\":\"en-US\",\"@id\":\"https:\\\/\\\/www.mecachrome.com\\\/en\\\/#\\\/schema\\\/logo\\\/image\\\/\",\"url\":\"https:\\\/\\\/www.mecachrome.com\\\/wp-content\\\/uploads\\\/2022\\\/05\\\/Logo-Mecachrome-BD.png\",\"contentUrl\":\"https:\\\/\\\/www.mecachrome.com\\\/wp-content\\\/uploads\\\/2022\\\/05\\\/Logo-Mecachrome-BD.png\",\"width\":391,\"height\":135,\"caption\":\"MECACHROME\"},\"image\":{\"@id\":\"https:\\\/\\\/www.mecachrome.com\\\/en\\\/#\\\/schema\\\/logo\\\/image\\\/\"},\"sameAs\":[\"https:\\\/\\\/x.com\\\/GroupMecachrome\",\"https:\\\/\\\/www.linkedin.com\\\/company\\\/mecachrome\\\/\",\"https:\\\/\\\/www.youtube.com\\\/channel\\\/UChvZ3lBIqgM_B0qEkTBYDWQ\"]}]}<\/script>\n<!-- \/ Yoast SEO plugin. -->","yoast_head_json":{"title":"Legal notice - Mecachrome","description":"Legal notice - Find the conditions of use of the website Mecachrome as well as other information.","robots":{"index":"index","follow":"follow","max-snippet":"max-snippet:-1","max-image-preview":"max-image-preview:large","max-video-preview":"max-video-preview:-1"},"canonical":"https:\/\/www.mecachrome.com\/en\/legal-notice\/","og_locale":"en_US","og_type":"article","og_title":"Legal notice - Mecachrome","og_description":"Legal notice - Find the conditions of use of the website Mecachrome as well as other information.","og_url":"https:\/\/www.mecachrome.com\/en\/legal-notice\/","og_site_name":"Mecachrome","article_modified_time":"2022-10-25T07:29:33+00:00","twitter_card":"summary_large_image","twitter_site":"@GroupMecachrome","twitter_misc":{"Est. reading time":"6 minutes"},"schema":{"@context":"https:\/\/schema.org","@graph":[{"@type":"WebPage","@id":"https:\/\/www.mecachrome.com\/en\/legal-notice\/","url":"https:\/\/www.mecachrome.com\/en\/legal-notice\/","name":"Legal notice - Mecachrome","isPartOf":{"@id":"https:\/\/www.mecachrome.com\/en\/#website"},"datePublished":"2022-04-27T14:41:06+00:00","dateModified":"2022-10-25T07:29:33+00:00","description":"Legal notice - Find the conditions of use of the website Mecachrome as well as other information.","breadcrumb":{"@id":"https:\/\/www.mecachrome.com\/en\/legal-notice\/#breadcrumb"},"inLanguage":"en-US","potentialAction":[{"@type":"ReadAction","target":["https:\/\/www.mecachrome.com\/en\/legal-notice\/"]}]},{"@type":"BreadcrumbList","@id":"https:\/\/www.mecachrome.com\/en\/legal-notice\/#breadcrumb","itemListElement":[{"@type":"ListItem","position":1,"name":"Home","item":"https:\/\/www.mecachrome.com\/en\/homepage-mecachrome-aerostructure-aeroengine-automotive-dnes\/"},{"@type":"ListItem","position":2,"name":"Legal notice"}]},{"@type":"WebSite","@id":"https:\/\/www.mecachrome.com\/en\/#website","url":"https:\/\/www.mecachrome.com\/en\/","name":"Mecachrome","description":"Mecachrome est pr\u00e9sent dans les domaines de l&#039;a\u00e9ronautique (a\u00e9rostructure, a\u00e9romoteur), de l&#039;automobile premium &amp; Motorsport, de la DNES.","publisher":{"@id":"https:\/\/www.mecachrome.com\/en\/#organization"},"potentialAction":[{"@type":"SearchAction","target":{"@type":"EntryPoint","urlTemplate":"https:\/\/www.mecachrome.com\/en\/?s={search_term_string}"},"query-input":{"@type":"PropertyValueSpecification","valueRequired":true,"valueName":"search_term_string"}}],"inLanguage":"en-US"},{"@type":"Organization","@id":"https:\/\/www.mecachrome.com\/en\/#organization","name":"MECACHROME","url":"https:\/\/www.mecachrome.com\/en\/","logo":{"@type":"ImageObject","inLanguage":"en-US","@id":"https:\/\/www.mecachrome.com\/en\/#\/schema\/logo\/image\/","url":"https:\/\/www.mecachrome.com\/wp-content\/uploads\/2022\/05\/Logo-Mecachrome-BD.png","contentUrl":"https:\/\/www.mecachrome.com\/wp-content\/uploads\/2022\/05\/Logo-Mecachrome-BD.png","width":391,"height":135,"caption":"MECACHROME"},"image":{"@id":"https:\/\/www.mecachrome.com\/en\/#\/schema\/logo\/image\/"},"sameAs":["https:\/\/x.com\/GroupMecachrome","https:\/\/www.linkedin.com\/company\/mecachrome\/","https:\/\/www.youtube.com\/channel\/UChvZ3lBIqgM_B0qEkTBYDWQ"]}]}},"_links":{"self":[{"href":"https:\/\/www.mecachrome.com\/en\/wp-json\/wp\/v2\/pages\/3226","targetHints":{"allow":["GET"]}}],"collection":[{"href":"https:\/\/www.mecachrome.com\/en\/wp-json\/wp\/v2\/pages"}],"about":[{"href":"https:\/\/www.mecachrome.com\/en\/wp-json\/wp\/v2\/types\/page"}],"author":[{"embeddable":true,"href":"https:\/\/www.mecachrome.com\/en\/wp-json\/wp\/v2\/users\/2"}],"replies":[{"embeddable":true,"href":"https:\/\/www.mecachrome.com\/en\/wp-json\/wp\/v2\/comments?post=3226"}],"version-history":[{"count":0,"href":"https:\/\/www.mecachrome.com\/en\/wp-json\/wp\/v2\/pages\/3226\/revisions"}],"wp:attachment":[{"href":"https:\/\/www.mecachrome.com\/en\/wp-json\/wp\/v2\/media?parent=3226"}],"curies":[{"name":"wp","href":"https:\/\/api.w.org\/{rel}","templated":true}]}}