{"id":3231,"date":"2022-04-04T15:15:51","date_gmt":"2022-04-04T15:15:51","guid":{"rendered":"https:\/\/www.mecachrome.com\/services\/"},"modified":"2022-10-26T10:36:12","modified_gmt":"2022-10-26T10:36:12","slug":"services","status":"publish","type":"page","link":"https:\/\/www.mecachrome.com\/en\/services\/","title":{"rendered":"Services"},"content":{"rendered":"","protected":false},"excerpt":{"rendered":"","protected":false},"author":2,"featured_media":0,"parent":0,"menu_order":0,"comment_status":"closed","ping_status":"closed","template":"page-templates\/page-usinage.php","meta":{"_acf_changed":false,"footnotes":""},"class_list":["post-3231","page","type-page","status-publish","hentry"],"acf":[],"yoast_head":"<!-- This site is optimized with the Yoast SEO plugin v27.3 - https:\/\/yoast.com\/product\/yoast-seo-wordpress\/ -->\n<title>Services - Mecachrome<\/title>\n<meta name=\"description\" content=\"Services - Find, among other things, the industrial capacities of Mecachrome to meet the quality requirements of aeronautics.\" \/>\n<meta name=\"robots\" content=\"index, follow, max-snippet:-1, max-image-preview:large, max-video-preview:-1\" \/>\n<link rel=\"canonical\" href=\"https:\/\/www.mecachrome.com\/en\/services\/\" \/>\n<meta property=\"og:locale\" content=\"en_US\" \/>\n<meta property=\"og:type\" content=\"article\" \/>\n<meta property=\"og:title\" content=\"Services - Mecachrome\" \/>\n<meta property=\"og:description\" content=\"Services - Find, among other things, the industrial capacities of Mecachrome to meet the quality requirements of aeronautics.\" \/>\n<meta property=\"og:url\" content=\"https:\/\/www.mecachrome.com\/en\/services\/\" \/>\n<meta property=\"og:site_name\" content=\"Mecachrome\" \/>\n<meta property=\"article:modified_time\" content=\"2022-10-26T10:36:12+00:00\" \/>\n<meta name=\"twitter:card\" content=\"summary_large_image\" \/>\n<meta name=\"twitter:site\" content=\"@GroupMecachrome\" \/>\n<script type=\"application\/ld+json\" class=\"yoast-schema-graph\">{\"@context\":\"https:\\\/\\\/schema.org\",\"@graph\":[{\"@type\":\"WebPage\",\"@id\":\"https:\\\/\\\/www.mecachrome.com\\\/en\\\/services\\\/\",\"url\":\"https:\\\/\\\/www.mecachrome.com\\\/en\\\/services\\\/\",\"name\":\"Services - Mecachrome\",\"isPartOf\":{\"@id\":\"https:\\\/\\\/www.mecachrome.com\\\/en\\\/#website\"},\"datePublished\":\"2022-04-04T15:15:51+00:00\",\"dateModified\":\"2022-10-26T10:36:12+00:00\",\"description\":\"Services - Find, among other things, the industrial capacities of Mecachrome to meet the quality requirements of aeronautics.\",\"breadcrumb\":{\"@id\":\"https:\\\/\\\/www.mecachrome.com\\\/en\\\/services\\\/#breadcrumb\"},\"inLanguage\":\"en-US\",\"potentialAction\":[{\"@type\":\"ReadAction\",\"target\":[\"https:\\\/\\\/www.mecachrome.com\\\/en\\\/services\\\/\"]}]},{\"@type\":\"BreadcrumbList\",\"@id\":\"https:\\\/\\\/www.mecachrome.com\\\/en\\\/services\\\/#breadcrumb\",\"itemListElement\":[{\"@type\":\"ListItem\",\"position\":1,\"name\":\"Home\",\"item\":\"https:\\\/\\\/www.mecachrome.com\\\/en\\\/homepage-mecachrome-aerostructure-aeroengine-automotive-dnes\\\/\"},{\"@type\":\"ListItem\",\"position\":2,\"name\":\"Services\"}]},{\"@type\":\"WebSite\",\"@id\":\"https:\\\/\\\/www.mecachrome.com\\\/en\\\/#website\",\"url\":\"https:\\\/\\\/www.mecachrome.com\\\/en\\\/\",\"name\":\"Mecachrome\",\"description\":\"Mecachrome est pr\u00e9sent dans les domaines de l&#039;a\u00e9ronautique (a\u00e9rostructure, a\u00e9romoteur), de l&#039;automobile premium &amp; Motorsport, de la DNES.\",\"publisher\":{\"@id\":\"https:\\\/\\\/www.mecachrome.com\\\/en\\\/#organization\"},\"potentialAction\":[{\"@type\":\"SearchAction\",\"target\":{\"@type\":\"EntryPoint\",\"urlTemplate\":\"https:\\\/\\\/www.mecachrome.com\\\/en\\\/?s={search_term_string}\"},\"query-input\":{\"@type\":\"PropertyValueSpecification\",\"valueRequired\":true,\"valueName\":\"search_term_string\"}}],\"inLanguage\":\"en-US\"},{\"@type\":\"Organization\",\"@id\":\"https:\\\/\\\/www.mecachrome.com\\\/en\\\/#organization\",\"name\":\"MECACHROME\",\"url\":\"https:\\\/\\\/www.mecachrome.com\\\/en\\\/\",\"logo\":{\"@type\":\"ImageObject\",\"inLanguage\":\"en-US\",\"@id\":\"https:\\\/\\\/www.mecachrome.com\\\/en\\\/#\\\/schema\\\/logo\\\/image\\\/\",\"url\":\"https:\\\/\\\/www.mecachrome.com\\\/wp-content\\\/uploads\\\/2022\\\/05\\\/Logo-Mecachrome-BD.png\",\"contentUrl\":\"https:\\\/\\\/www.mecachrome.com\\\/wp-content\\\/uploads\\\/2022\\\/05\\\/Logo-Mecachrome-BD.png\",\"width\":391,\"height\":135,\"caption\":\"MECACHROME\"},\"image\":{\"@id\":\"https:\\\/\\\/www.mecachrome.com\\\/en\\\/#\\\/schema\\\/logo\\\/image\\\/\"},\"sameAs\":[\"https:\\\/\\\/x.com\\\/GroupMecachrome\",\"https:\\\/\\\/www.linkedin.com\\\/company\\\/mecachrome\\\/\",\"https:\\\/\\\/www.youtube.com\\\/channel\\\/UChvZ3lBIqgM_B0qEkTBYDWQ\"]}]}<\/script>\n<!-- \/ Yoast SEO plugin. -->","yoast_head_json":{"title":"Services - Mecachrome","description":"Services - Find, among other things, the industrial capacities of Mecachrome to meet the quality requirements of aeronautics.","robots":{"index":"index","follow":"follow","max-snippet":"max-snippet:-1","max-image-preview":"max-image-preview:large","max-video-preview":"max-video-preview:-1"},"canonical":"https:\/\/www.mecachrome.com\/en\/services\/","og_locale":"en_US","og_type":"article","og_title":"Services - Mecachrome","og_description":"Services - Find, among other things, the industrial capacities of Mecachrome to meet the quality requirements of aeronautics.","og_url":"https:\/\/www.mecachrome.com\/en\/services\/","og_site_name":"Mecachrome","article_modified_time":"2022-10-26T10:36:12+00:00","twitter_card":"summary_large_image","twitter_site":"@GroupMecachrome","schema":{"@context":"https:\/\/schema.org","@graph":[{"@type":"WebPage","@id":"https:\/\/www.mecachrome.com\/en\/services\/","url":"https:\/\/www.mecachrome.com\/en\/services\/","name":"Services - Mecachrome","isPartOf":{"@id":"https:\/\/www.mecachrome.com\/en\/#website"},"datePublished":"2022-04-04T15:15:51+00:00","dateModified":"2022-10-26T10:36:12+00:00","description":"Services - Find, among other things, the industrial capacities of Mecachrome to meet the quality requirements of aeronautics.","breadcrumb":{"@id":"https:\/\/www.mecachrome.com\/en\/services\/#breadcrumb"},"inLanguage":"en-US","potentialAction":[{"@type":"ReadAction","target":["https:\/\/www.mecachrome.com\/en\/services\/"]}]},{"@type":"BreadcrumbList","@id":"https:\/\/www.mecachrome.com\/en\/services\/#breadcrumb","itemListElement":[{"@type":"ListItem","position":1,"name":"Home","item":"https:\/\/www.mecachrome.com\/en\/homepage-mecachrome-aerostructure-aeroengine-automotive-dnes\/"},{"@type":"ListItem","position":2,"name":"Services"}]},{"@type":"WebSite","@id":"https:\/\/www.mecachrome.com\/en\/#website","url":"https:\/\/www.mecachrome.com\/en\/","name":"Mecachrome","description":"Mecachrome est pr\u00e9sent dans les domaines de l&#039;a\u00e9ronautique (a\u00e9rostructure, a\u00e9romoteur), de l&#039;automobile premium &amp; Motorsport, de la DNES.","publisher":{"@id":"https:\/\/www.mecachrome.com\/en\/#organization"},"potentialAction":[{"@type":"SearchAction","target":{"@type":"EntryPoint","urlTemplate":"https:\/\/www.mecachrome.com\/en\/?s={search_term_string}"},"query-input":{"@type":"PropertyValueSpecification","valueRequired":true,"valueName":"search_term_string"}}],"inLanguage":"en-US"},{"@type":"Organization","@id":"https:\/\/www.mecachrome.com\/en\/#organization","name":"MECACHROME","url":"https:\/\/www.mecachrome.com\/en\/","logo":{"@type":"ImageObject","inLanguage":"en-US","@id":"https:\/\/www.mecachrome.com\/en\/#\/schema\/logo\/image\/","url":"https:\/\/www.mecachrome.com\/wp-content\/uploads\/2022\/05\/Logo-Mecachrome-BD.png","contentUrl":"https:\/\/www.mecachrome.com\/wp-content\/uploads\/2022\/05\/Logo-Mecachrome-BD.png","width":391,"height":135,"caption":"MECACHROME"},"image":{"@id":"https:\/\/www.mecachrome.com\/en\/#\/schema\/logo\/image\/"},"sameAs":["https:\/\/x.com\/GroupMecachrome","https:\/\/www.linkedin.com\/company\/mecachrome\/","https:\/\/www.youtube.com\/channel\/UChvZ3lBIqgM_B0qEkTBYDWQ"]}]}},"_links":{"self":[{"href":"https:\/\/www.mecachrome.com\/en\/wp-json\/wp\/v2\/pages\/3231","targetHints":{"allow":["GET"]}}],"collection":[{"href":"https:\/\/www.mecachrome.com\/en\/wp-json\/wp\/v2\/pages"}],"about":[{"href":"https:\/\/www.mecachrome.com\/en\/wp-json\/wp\/v2\/types\/page"}],"author":[{"embeddable":true,"href":"https:\/\/www.mecachrome.com\/en\/wp-json\/wp\/v2\/users\/2"}],"replies":[{"embeddable":true,"href":"https:\/\/www.mecachrome.com\/en\/wp-json\/wp\/v2\/comments?post=3231"}],"version-history":[{"count":0,"href":"https:\/\/www.mecachrome.com\/en\/wp-json\/wp\/v2\/pages\/3231\/revisions"}],"wp:attachment":[{"href":"https:\/\/www.mecachrome.com\/en\/wp-json\/wp\/v2\/media?parent=3231"}],"curies":[{"name":"wp","href":"https:\/\/api.w.org\/{rel}","templated":true}]}}